{"id":24758,"date":"2020-08-28T16:20:24","date_gmt":"2020-08-28T16:20:24","guid":{"rendered":"https:\/\/deg.cat\/?page_id=24758"},"modified":"2020-09-21T11:02:56","modified_gmt":"2020-09-21T11:02:56","slug":"derecho-de-desistimiento","status":"publish","type":"page","link":"https:\/\/deg.es\/en\/derecho-de-desistimiento\/","title":{"rendered":"Right of withdrawal"},"content":{"rendered":"<div class=\"wp-block-cover alignfull has-background-dim has-parallax\" style=\"background-image:url(https:\/\/deg.cat\/wp-content\/uploads\/2020\/08\/cabecera-legal-1024x187.jpg);min-height:200px;aspect-ratio:unset;\"><div class=\"wp-block-cover__inner-container is-layout-flow wp-block-cover-is-layout-flow\">\n<p class=\"has-text-align-center has-huge-font-size\"><strong>RIGHT OF WITHDRAWAL<\/strong><\/p>\n<\/div><\/div>\n\n\n\n<div class=\"wp-block-group alignwide\"><div class=\"wp-block-group__inner-container is-layout-flow wp-block-group-is-layout-flow\">\n<div style=\"height:100px\" aria-hidden=\"true\" class=\"wp-block-spacer\"><\/div>\n\n\n\n<div>\n<div>\n<div>\n<div>\n<div>\n<div>\n<div>\n<p style=\"text-align: justify;\">RIGHT OF WITHDRAWAL<\/p>\n<p style=\"text-align: justify;\">A la atenci\u00f3n de:<br \/>Nombre: DIGITAL EVENTS GROUP SL<br \/>NIF: B64512619<br \/>Direcci\u00f3n: Avda. Via Augusta, 15 \u2013 08174 Sant Cugat del Vall\u00e8s (Barcelona)<br \/>Poblaci\u00f3n: Sant Cugat del Vall\u00e8s<br \/>Correo electr\u00f3nico: info@digitaleventsgroup.com<\/p>\n<p style=\"text-align: justify;\">Datos del bien\/prestaci\u00f3n a desistir:<br \/>N\u00ba contrato\/pedido\/factura:<br \/>Fecha contrato\/pedido\/factura:<br \/>Fecha de recepci\u00f3n del producto\/servicio:<br \/>Descripci\u00f3n del producto\/servicio:<\/p>\n<p style=\"text-align: justify;\">Datos del consumidor\/usuario:<br \/>Nombre:<br \/>Domicilio:<br \/>Poblaci\u00f3n:<br \/>* Tel\u00e9fono:<br \/>* Email:<br \/>(* datos no obligatorios)<\/p>\n<p style=\"text-align: justify;\">Derecho de desistimiento:<\/p>\n<p style=\"text-align: justify;\">Podr\u00e1 ejercer el derecho de desistimiento dentro del per\u00edodo de 14 d\u00edas establecidos por ley a partir del d\u00eda siguiente de la fecha de un contrato de servicios o del d\u00eda de la recepci\u00f3n de un producto. De conformidad con el art\u00edculo 71 de la Ley 3\/2014, de 28 de marzo, por la que se modifica el texto refundido de la Ley General para la Defensa de los Consumidores y Usuarios y otras leyes complementarias, le comunico que desisto del contrato de venta del bien\/prestaci\u00f3n descrito anteriormente dentro del t\u00e9rmino establecido, por lo que agradecer\u00eda se pusiese en contacto conmigo mediante los datos de contacto facilitados, para notificarme que se ha procedido a esta solicitud.<\/p>\n<p style=\"text-align: justify;\">Fecha de la solicitud:<\/p>\n<p style=\"text-align: justify;\">Firma del consumidor\/usuario:<\/p>\n<\/div>\n<\/div>\n<\/div>\n<\/div>\n<\/div>\n<\/div>\n<\/div>\n<\/div><\/div>","protected":false},"excerpt":{"rendered":"<p>DERECHO DE DESISTIMIENTO A la atenci\u00f3n de:Nombre: DIGITAL EVENTS GROUP SLNIF: B64512619Direcci\u00f3n: Avda. Via Augusta, 15 \u2013 08174 Sant Cugat del Vall\u00e8s (Barcelona)Poblaci\u00f3n: Sant Cugat del Vall\u00e8sCorreo electr\u00f3nico: info@digitaleventsgroup.com Datos del bien\/prestaci\u00f3n a desistir:N\u00ba contrato\/pedido\/factura:Fecha contrato\/pedido\/factura:Fecha de recepci\u00f3n del producto\/servicio:Descripci\u00f3n del producto\/servicio: Datos del consumidor\/usuario:Nombre:Domicilio:Poblaci\u00f3n:* Tel\u00e9fono:* Email:(* datos no obligatorios) Derecho de desistimiento: Podr\u00e1 ejercer&hellip;&nbsp;<a href=\"https:\/\/deg.es\/en\/derecho-de-desistimiento\/\" rel=\"bookmark\">Read More &raquo;<span class=\"screen-reader-text\">Right of withdrawal<\/span><\/a><\/p>","protected":false},"author":1,"featured_media":0,"parent":0,"menu_order":27,"comment_status":"closed","ping_status":"closed","template":"","meta":{"neve_meta_sidebar":"full-width","neve_meta_container":"contained","neve_meta_enable_content_width":"on","neve_meta_content_width":100,"neve_meta_title_alignment":"","neve_meta_author_avatar":"","neve_post_elements_order":"","neve_meta_disable_header":"","neve_meta_disable_footer":"","neve_meta_disable_title":"on","footnotes":""},"class_list":["post-24758","page","type-page","status-publish","hentry"],"_links":{"self":[{"href":"https:\/\/deg.es\/en\/wp-json\/wp\/v2\/pages\/24758","targetHints":{"allow":["GET"]}}],"collection":[{"href":"https:\/\/deg.es\/en\/wp-json\/wp\/v2\/pages"}],"about":[{"href":"https:\/\/deg.es\/en\/wp-json\/wp\/v2\/types\/page"}],"author":[{"embeddable":true,"href":"https:\/\/deg.es\/en\/wp-json\/wp\/v2\/users\/1"}],"replies":[{"embeddable":true,"href":"https:\/\/deg.es\/en\/wp-json\/wp\/v2\/comments?post=24758"}],"version-history":[{"count":1,"href":"https:\/\/deg.es\/en\/wp-json\/wp\/v2\/pages\/24758\/revisions"}],"predecessor-version":[{"id":24759,"href":"https:\/\/deg.es\/en\/wp-json\/wp\/v2\/pages\/24758\/revisions\/24759"}],"wp:attachment":[{"href":"https:\/\/deg.es\/en\/wp-json\/wp\/v2\/media?parent=24758"}],"curies":[{"name":"wp","href":"https:\/\/api.w.org\/{rel}","templated":true}]}}