{"id":10,"date":"2020-08-26T12:58:17","date_gmt":"2020-08-26T12:58:17","guid":{"rendered":"http:\/\/87.106.168.246\/?page_id=2"},"modified":"2025-11-30T17:44:02","modified_gmt":"2025-11-30T16:44:02","slug":"sample-page-2","status":"publish","type":"page","link":"https:\/\/deg.es\/en\/","title":{"rendered":"Home"},"content":{"rendered":"<div class=\"wp-block-cover alignfull is-position-center-center\" style=\"min-height:880px;aspect-ratio:unset;\"><span aria-hidden=\"true\" class=\"wp-block-cover__background has-background-dim-0 has-background-dim\"><\/span><img loading=\"lazy\" decoding=\"async\" width=\"1000\" height=\"568\" class=\"wp-block-cover__image-background wp-image-6\" alt=\"\" src=\"https:\/\/deg.es\/wp-content\/uploads\/2020\/08\/bg-deg.jpg\" style=\"object-position:50% 50%\" data-object-fit=\"cover\" data-object-position=\"50% 50%\" srcset=\"https:\/\/deg.es\/wp-content\/uploads\/2020\/08\/bg-deg.jpg 1000w, https:\/\/deg.es\/wp-content\/uploads\/2020\/08\/bg-deg-300x170.jpg 300w, https:\/\/deg.es\/wp-content\/uploads\/2020\/08\/bg-deg-768x436.jpg 768w\" sizes=\"auto, (max-width: 1000px) 100vw, 1000px\" \/><div class=\"wp-block-cover__inner-container is-layout-flow wp-block-cover-is-layout-flow\">\n<h1 class=\"wp-block-heading alignwide has-text-align-center\"><mark style=\"background-color:rgba(0, 0, 0, 0)\" class=\"has-inline-color has-white-color\">WE ARE MADE OF<br>GREAT EXPERIENCES<\/mark><\/h1>\n\n\n\n<h2 class=\"wp-block-heading has-text-align-center\"><strong><span class=\"has-inline-color has-white-color\">Maximum quality in live production<\/span><\/strong><\/h2>\n\n\n\n<div style=\"height:25px\" aria-hidden=\"true\" class=\"wp-block-spacer\"><\/div>\n\n\n\n<div class=\"wp-block-buttons is-horizontal is-content-justification-center is-layout-flex wp-container-core-buttons-is-layout-1 wp-block-buttons-is-layout-flex\">\n<div class=\"wp-block-button is-style-default,\"><a class=\"wp-block-button__link has-white-color has-text-color has-background no-border-radius wp-element-button\" href=\"https:\/\/deg.es\/en\/contacto\/\" style=\"background-color:#e1261c\"><strong>Want to talk?<\/strong><\/a><\/div>\n<\/div>\n\n\n\n<div style=\"height:200px\" aria-hidden=\"true\" class=\"wp-block-spacer\"><\/div>\n<\/div><\/div>\n\n\n\n<div style=\"height:50px\" aria-hidden=\"true\" class=\"wp-block-spacer\"><\/div>\n\n\n\n<h3 class=\"wp-block-heading has-text-align-center\"><strong><span style=\"color:#5d5d5d\" class=\"has-inline-color\">LIVE PRODUCTION<\/span><\/strong><\/h3>\n\n\n\n<h3 class=\"wp-block-heading has-text-align-center\"><mark style=\"background-color:rgba(0, 0, 0, 0);color:#e1261c\" class=\"has-inline-color\"><strong>DIGITAL EVENTS GROUP<\/strong><\/mark><\/h3>\n\n\n\n<div style=\"height:50px\" aria-hidden=\"true\" class=\"wp-block-spacer\"><\/div>\n\n\n\n<div class=\"wp-block-group\"><div class=\"wp-block-group__inner-container is-layout-flow wp-block-group-is-layout-flow\">\n<div class=\"wp-block-group alignwide\"><div class=\"wp-block-group__inner-container is-layout-flow wp-block-group-is-layout-flow\">\n<p style=\"text-align: justify;\">Specialized in<strong> live-production<\/strong>, post-production, and broadcasting of all types of audiovisual and television events. We offer high-level productions. We are experts in all kinds of events, including concerts, gala dinners, award ceremonies, and sporting events, contributing to our clients achieving the best results.<\/p>\n<\/div><\/div>\n<\/div><\/div>\n\n\n\n<div style=\"height:50px\" aria-hidden=\"true\" class=\"wp-block-spacer\"><\/div>\n\n\n\n<div class=\"wp-block-group alignwide\"><div class=\"wp-block-group__inner-container is-layout-flow wp-block-group-is-layout-flow\">\n<div class=\"wp-block-columns is-layout-flex wp-container-core-columns-is-layout-1 wp-block-columns-is-layout-flex\">\n<div class=\"wp-block-column is-layout-flow wp-block-column-is-layout-flow\"><div class=\"wp-block-image is-style-default\">\n<figure class=\"aligncenter size-large is-resized\"><a href=\"https:\/\/deg.es\/en\/realizacion\/\"><img decoding=\"async\" src=\"https:\/\/deg.es\/wp-content\/uploads\/2020\/08\/icon1.png\" alt=\"\" style=\"width:60px;height:55px\"\/><\/a><\/figure><\/div>\n\n\n<div style=\"height:10px\" aria-hidden=\"true\" class=\"wp-block-spacer\"><\/div>\n\n\n\n<h4 class=\"wp-block-heading has-text-align-center\"><mark style=\"background-color:rgba(0, 0, 0, 0);color:#e1261c\" class=\"has-inline-color\"><strong>LIVE PRODUCTION<\/strong><\/mark><\/h4>\n\n\n\n<p class=\"has-text-align-center\" style=\"font-size:14px\">Specialized in live production.<\/p>\n\n\n\n<h5 class=\"wp-block-heading has-text-align-center\"><a href=\"https:\/\/deg.es\/en\/realizacion\/\" data-type=\"URL\" data-id=\"https:\/\/deg.es\/realizacion\"><span style=\"color:#e1261c\" class=\"has-inline-color\">Read more<\/span><\/a><\/h5>\n\n\n\n<div style=\"height:50px\" aria-hidden=\"true\" class=\"wp-block-spacer\"><\/div>\n<\/div>\n\n\n\n<div class=\"wp-block-column is-layout-flow wp-block-column-is-layout-flow\"><div class=\"wp-block-image is-style-default\">\n<figure class=\"aligncenter size-large is-resized\"><a href=\"https:\/\/deg.es\/en\/equipos\/\"><img decoding=\"async\" src=\"https:\/\/deg.es\/wp-content\/uploads\/2020\/08\/icon1.png\" alt=\"\" style=\"width:60px;height:55px\"\/><\/a><\/figure><\/div>\n\n\n<div style=\"height:10px\" aria-hidden=\"true\" class=\"wp-block-spacer\"><\/div>\n\n\n\n<h4 class=\"wp-block-heading has-text-align-center\"><mark style=\"background-color:rgba(0, 0, 0, 0);color:#e1261c\" class=\"has-inline-color\"><strong><mark style=\"background-color:rgba(0, 0, 0, 0);color:#e1261c\" class=\"has-inline-color\"><strong>OUR EQUIPMENT<\/strong><\/mark><\/strong><\/mark><\/h4>\n\n\n\n<p class=\"has-text-align-center\" style=\"font-size:14px\">We only use the best, and you should too.<\/p>\n\n\n\n<h5 class=\"wp-block-heading has-text-align-center\"><a href=\"https:\/\/deg.es\/en\/equipos\/\" data-type=\"URL\"><span style=\"color:#e1261c\" class=\"has-inline-color\">Read more<\/span><\/a><\/h5>\n\n\n\n<div style=\"height:50px\" aria-hidden=\"true\" class=\"wp-block-spacer\"><\/div>\n<\/div>\n<\/div>\n<\/div><\/div>\n\n\n\n<div style=\"height:100px\" aria-hidden=\"true\" class=\"wp-block-spacer\"><\/div>\n\n\n\n<div style=\"height:25px\" aria-hidden=\"true\" class=\"wp-block-spacer\"><\/div>\n\n\n\n<h4 class=\"wp-block-heading has-text-align-center has-medium-font-size\"><strong><span style=\"color:#5d5d5d\" class=\"has-inline-color\">CONTACT US<\/span><\/strong><\/h4>\n\n\n\n<div class=\"wp-block-group alignwide\"><div class=\"wp-block-group__inner-container is-layout-flow wp-block-group-is-layout-flow\"><div class=\"wpforms-container wpforms-container-full wpforms-block wpforms-block-af09ac09-2c0f-4b86-8928-7c5949267c6f\" id=\"wpforms-24604\"><form id=\"wpforms-form-24604\" class=\"wpforms-validate wpforms-form\" data-formid=\"24604\" method=\"post\" enctype=\"multipart\/form-data\" action=\"\/en\/wp-json\/wp\/v2\/pages\/10\" data-token=\"bf002305876c87f014ff4aa41065fdba\" data-token-time=\"1775878563\" data-trp-original-action=\"\/en\/wp-json\/wp\/v2\/pages\/10\"><noscript class=\"wpforms-error-noscript\">Please enable JavaScript in your browser to complete this form.<\/noscript><div class=\"wpforms-field-container\"><div id=\"wpforms-24604-field_0-container\" class=\"wpforms-field wpforms-field-name\" data-field-id=\"0\"><label class=\"wpforms-field-label\">Name <span class=\"wpforms-required-label\">*<\/span><\/label><div class=\"wpforms-field-row wpforms-field-large\"><div class=\"wpforms-field-row-block wpforms-first wpforms-one-half\"><input type=\"text\" id=\"wpforms-24604-field_0\" class=\"wpforms-field-name-first wpforms-field-required\" name=\"wpforms[fields][0][first]\" required><label for=\"wpforms-24604-field_0\" class=\"wpforms-field-sublabel after\">First<\/label><\/div><div class=\"wpforms-field-row-block wpforms-one-half\"><input type=\"text\" id=\"wpforms-24604-field_0-last\" class=\"wpforms-field-name-last wpforms-field-required\" name=\"wpforms[fields][0][last]\" required><label for=\"wpforms-24604-field_0-last\" class=\"wpforms-field-sublabel after\">Last<\/label><\/div><\/div><\/div><div id=\"wpforms-24604-field_1-container\" class=\"wpforms-field wpforms-field-email\" data-field-id=\"1\"><label class=\"wpforms-field-label\" for=\"wpforms-24604-field_1\">eMail <span class=\"wpforms-required-label\">*<\/span><\/label><input type=\"email\" id=\"wpforms-24604-field_1\" class=\"wpforms-field-large wpforms-field-required\" name=\"wpforms[fields][1]\" spellcheck=\"false\" required><\/div><div id=\"wpforms-24604-field_3-container\" class=\"wpforms-field wpforms-field-phone\" data-field-id=\"3\"><label class=\"wpforms-field-label\" for=\"wpforms-24604-field_3\">Phone number<\/label><input type=\"tel\" id=\"wpforms-24604-field_3\" class=\"wpforms-field-large\" data-rule-int-phone-field=\"true\" name=\"wpforms[fields][3]\" aria-label=\"Phone number\" ><\/div><div id=\"wpforms-24604-field_2-container\" class=\"wpforms-field wpforms-field-textarea\" data-field-id=\"2\"><label class=\"wpforms-field-label\" for=\"wpforms-24604-field_2\">comment or message <span class=\"wpforms-required-label\">*<\/span><\/label><textarea id=\"wpforms-24604-field_2\" class=\"wpforms-field-medium wpforms-field-required\" name=\"wpforms[fields][2]\" required><\/textarea><\/div><div id=\"wpforms-24604-field_7-container\" class=\"wpforms-field wpforms-field-gdpr-checkbox\" data-field-id=\"7\"><label class=\"wpforms-field-label wpforms-label-hide\">GDPR Agreement  <span class=\"wpforms-required-label\">*<\/span><\/label><ul id=\"wpforms-24604-field_7\" class=\"wpforms-field-required\"><li class=\"choice-1\"><input type=\"checkbox\" id=\"wpforms-24604-field_7_1\" name=\"wpforms[fields][7][]\" value=\"Acepto el &lt;a href=&quot;https:\/\/deg.es\/rpgd&quot; target=&quot;_blank&quot;&gt;Formulario de contacto&lt;\/a&gt;.\" required><label class=\"wpforms-field-label-inline\" for=\"wpforms-24604-field_7_1\">I accept the <a href=\"https:\/\/deg.es\/en\/rpgd\/\" target=\"_blank\">contact form<\/a>. <span class=\"wpforms-required-label\">*<\/span><\/label><\/li><\/ul><\/div><\/div><!-- .wpforms-field-container --><div class=\"wpforms-recaptcha-container wpforms-is-recaptcha wpforms-is-recaptcha-type-v3\" ><input type=\"hidden\" name=\"wpforms[recaptcha]\" value=\"\"><\/div><div class=\"wpforms-submit-container\" ><input type=\"hidden\" name=\"wpforms[id]\" value=\"24604\"><input type=\"hidden\" name=\"page_title\" value=\"\"><input type=\"hidden\" name=\"page_url\" value=\"https:\/\/deg.es\/en\/wp-json\/wp\/v2\/pages\/10\"><input type=\"hidden\" name=\"url_referer\" value=\"\"><button type=\"submit\" name=\"wpforms[submit]\" id=\"wpforms-submit-24604\" class=\"wpforms-submit\" data-alt-text=\"Enviando...\" data-submit-text=\"Enviar\" aria-live=\"assertive\" value=\"wpforms-submit\">Send<\/button><\/div><input type=\"hidden\" name=\"trp-form-language\" value=\"en\"\/><\/form><\/div>  <!-- .wpforms-container --><\/div><\/div>\n\n\n\n<div style=\"height:100px\" aria-hidden=\"true\" class=\"wp-block-spacer\"><\/div>\n\n\n\n<p><\/p>","protected":false},"excerpt":{"rendered":"<p>REALIZACI\u00d3N EN DIRECTO DIGITAL EVENTS GROUP Especializados en producci\u00f3n, realizaci\u00f3n en directo, postproducci\u00f3n y emisi\u00f3n de todo tipo de eventos audiovisuales y televisivos. Ofrecemos realizaciones de alto nivel. Especializados en todo tipo de eventos, conciertos, cenas de gala, entregas de premios, eventos deportivos, contribuyendo a que nuestro cliente obtenga los mejores resultados. REALIZACI\u00d3N Especializados en&hellip;&nbsp;<a href=\"https:\/\/deg.es\/en\/\" rel=\"bookmark\">Read More &raquo;<span class=\"screen-reader-text\">Home<\/span><\/a><\/p>","protected":false},"author":1,"featured_media":0,"parent":0,"menu_order":1,"comment_status":"closed","ping_status":"open","template":"","meta":{"neve_meta_sidebar":"default","neve_meta_container":"contained","neve_meta_enable_content_width":"on","neve_meta_content_width":100,"neve_meta_title_alignment":"","neve_meta_author_avatar":"","neve_post_elements_order":"","neve_meta_disable_header":"","neve_meta_disable_footer":"","neve_meta_disable_title":"on","footnotes":""},"class_list":["post-10","page","type-page","status-publish","hentry"],"_links":{"self":[{"href":"https:\/\/deg.es\/en\/wp-json\/wp\/v2\/pages\/10","targetHints":{"allow":["GET"]}}],"collection":[{"href":"https:\/\/deg.es\/en\/wp-json\/wp\/v2\/pages"}],"about":[{"href":"https:\/\/deg.es\/en\/wp-json\/wp\/v2\/types\/page"}],"author":[{"embeddable":true,"href":"https:\/\/deg.es\/en\/wp-json\/wp\/v2\/users\/1"}],"replies":[{"embeddable":true,"href":"https:\/\/deg.es\/en\/wp-json\/wp\/v2\/comments?post=10"}],"version-history":[{"count":172,"href":"https:\/\/deg.es\/en\/wp-json\/wp\/v2\/pages\/10\/revisions"}],"predecessor-version":[{"id":26178,"href":"https:\/\/deg.es\/en\/wp-json\/wp\/v2\/pages\/10\/revisions\/26178"}],"wp:attachment":[{"href":"https:\/\/deg.es\/en\/wp-json\/wp\/v2\/media?parent=10"}],"curies":[{"name":"wp","href":"https:\/\/api.w.org\/{rel}","templated":true}]}}